{"id":26,"date":"2021-10-13T18:18:22","date_gmt":"2021-10-13T16:18:22","guid":{"rendered":"http:\/\/dlacombe.xyz\/?page_id=26"},"modified":"2025-10-23T14:36:42","modified_gmt":"2025-10-23T12:36:42","slug":"mise-en-place-des-teleconsultation","status":"publish","type":"page","link":"https:\/\/dlacombe.xyz\/index.php\/mise-en-place-des-teleconsultation\/","title":{"rendered":"Mise en place des t\u00e9l\u00e9consultations"},"content":{"rendered":"\n<p>\/<\/p>\n\n\n\n<p>Le cadre de la s\u00e9ance de th\u00e9rapie en t\u00e9l\u00e9consultation.&nbsp;<\/p>\n\n\n\n<p>Il s\u2019agit d\u2019une s\u00e9ance. Sa dimension de t\u00e9l\u00e9consultation vise seulement \u00e0 \u00e9tablir une continuit\u00e9 dans une p\u00e9riode de crise avec la situation ant\u00e9rieure. Elle n\u2019a pas vocation en l\u2019\u00e9tat \u00e0 s\u2019y substituer. Cela sous-entend que cette proposition ne concerne que les patients actuellement engag\u00e9s dans une th\u00e9rapie dans les conditions ordinaires de fr\u00e9quentation physique du cabinet.&nbsp;<\/p>\n\n\n\n<p>Dans l\u2019esprit du point pr\u00e9c\u00e9dent, la dur\u00e9e et le montant de la s\u00e9ances sont identiques \u00e0 la modalit\u00e9 en pr\u00e9sentiel.&nbsp;<\/p>\n\n\n\n<p>Il est \u00e9tablit entre le th\u00e9rapeute et le patient un contrat qui contient les \u00e9l\u00e9ments suivants:&nbsp;<\/p>\n\n\n\n<p>&nbsp;Une entente pr\u00e9alable d\u00e9finit la modalit\u00e9 de communication retenue. Lorsque cela est possible, le recours \u00e0 la vid\u00e9o est encourag\u00e9.<\/p>\n\n\n\n<p>Le(s) patient(s) comme le th\u00e9rapeute s\u2019engagent \u00e0 ne pas r\u00e9aliser d\u2019enregistrements m\u00eame partiels des s\u00e9ances. Les parents s\u2019engagent \u00e0 mettre en oeuvre des conditions permettant \u00e0 l\u2019enfant d\u2019\u00eatre isol\u00e9 visuellement et phoniquement du reste des occupants du logement. Au terme de la s\u00e9ance, un court \u00e9change \u00e0 lieu entre le th\u00e9rapeute et un ou les parents de l\u2019enfant, permettant notamment de fixer le rendez-vous suivant.&nbsp;<\/p>\n\n\n\n<p>Le cadre th\u00e9rapeutique fonctionne \u00e0 l\u2019identique en situation de t\u00e9l\u00e9consultation ou en pr\u00e9sentiel.&nbsp; Les r\u00e8gles de fonctionnement que chacun a en t\u00eate sont donc maintenues, notamment:&nbsp;<\/p>\n\n\n\n<p>Libre-association<\/p>\n\n\n\n<p>abstinence<\/p>\n\n\n\n<p>Le r\u00e8glement des s\u00e9ances peut s&#8217;envisager de trois mani\u00e8res: en diff\u00e9r\u00e9 sur pr\u00e9sentation d\u2019une facture r\u00e9capitulative, par virement bancaire ou via Paypal.<\/p>\n\n\n\n<p>Lien vers l&#8217;Iban du cabinet:   <a href=\"https:\/\/dlacombe.xyz\/\/CompteProDLacombe.pdf\" target=\"_blank\" rel=\"noopener\" title=\"\">https:\/\/dlacombe.xyz\/\/CompteProDLacombe.pdf<\/a><\/p>\n\n\n\n<p><\/p>\n","protected":false},"excerpt":{"rendered":"<p>\/ Le cadre de la s\u00e9ance de th\u00e9rapie en t\u00e9l\u00e9consultation.&nbsp; Il s\u2019agit d\u2019une s\u00e9ance. Sa dimension de t\u00e9l\u00e9consultation vise seulement \u00e0 \u00e9tablir une continuit\u00e9 dans une p\u00e9riode de crise avec la situation ant\u00e9rieure. Elle n\u2019a pas vocation en l\u2019\u00e9tat \u00e0 s\u2019y substituer. Cela sous-entend que cette proposition ne concerne que les patients actuellement engag\u00e9s dans &hellip; <\/p>\n<p class=\"link-more\"><a href=\"https:\/\/dlacombe.xyz\/index.php\/mise-en-place-des-teleconsultation\/\" class=\"more-link\">Continue reading<span class=\"screen-reader-text\"> &#8220;Mise en place des t\u00e9l\u00e9consultations&#8221;<\/span><\/a><\/p>\n","protected":false},"author":1,"featured_media":0,"parent":0,"menu_order":0,"comment_status":"closed","ping_status":"closed","template":"","meta":{"om_disable_all_campaigns":false,"_monsterinsights_skip_tracking":false,"_monsterinsights_sitenote_active":false,"_monsterinsights_sitenote_note":"","_monsterinsights_sitenote_category":0,"footnotes":""},"class_list":["post-26","page","type-page","status-publish","hentry"],"aioseo_notices":[],"_links":{"self":[{"href":"https:\/\/dlacombe.xyz\/index.php\/wp-json\/wp\/v2\/pages\/26","targetHints":{"allow":["GET"]}}],"collection":[{"href":"https:\/\/dlacombe.xyz\/index.php\/wp-json\/wp\/v2\/pages"}],"about":[{"href":"https:\/\/dlacombe.xyz\/index.php\/wp-json\/wp\/v2\/types\/page"}],"author":[{"embeddable":true,"href":"https:\/\/dlacombe.xyz\/index.php\/wp-json\/wp\/v2\/users\/1"}],"replies":[{"embeddable":true,"href":"https:\/\/dlacombe.xyz\/index.php\/wp-json\/wp\/v2\/comments?post=26"}],"version-history":[{"count":5,"href":"https:\/\/dlacombe.xyz\/index.php\/wp-json\/wp\/v2\/pages\/26\/revisions"}],"predecessor-version":[{"id":1122,"href":"https:\/\/dlacombe.xyz\/index.php\/wp-json\/wp\/v2\/pages\/26\/revisions\/1122"}],"wp:attachment":[{"href":"https:\/\/dlacombe.xyz\/index.php\/wp-json\/wp\/v2\/media?parent=26"}],"curies":[{"name":"wp","href":"https:\/\/api.w.org\/{rel}","templated":true}]}}