{"id":29,"date":"2021-10-14T15:36:09","date_gmt":"2021-10-14T13:36:09","guid":{"rendered":"http:\/\/dlacombe.xyz\/?page_id=29"},"modified":"2021-10-14T17:05:17","modified_gmt":"2021-10-14T15:05:17","slug":"debuter-une-teleconsultation","status":"publish","type":"page","link":"https:\/\/dlacombe.xyz\/index.php\/debuter-une-teleconsultation\/","title":{"rendered":"D\u00e9buter une t\u00e9l\u00e9consultation"},"content":{"rendered":"\n<p>Pour d\u00e9buter une t\u00e9l\u00e9consultation vid\u00e9o, veuillez cliquer sur lien ci-apr\u00e8s. Vous devez autoriser l&#8217;acc\u00e8s au micro et \u00e0 la cam\u00e9ra de votre appareil. <\/p>\n\n\n\n<p><\/p>\n\n\n\n<p><a href=\"https:\/\/meet.jit.si\/ConsultcabpsyD.LACOMBE\" target=\"_blank\" rel=\"noreferrer noopener\">https:\/\/meet.jit.si\/ConsultcabpsyD.LACOMBE<\/a><\/p>\n","protected":false},"excerpt":{"rendered":"<p>Pour d\u00e9buter une t\u00e9l\u00e9consultation vid\u00e9o, veuillez cliquer sur lien ci-apr\u00e8s. Vous devez autoriser l&#8217;acc\u00e8s au micro et \u00e0 la cam\u00e9ra de votre appareil. https:\/\/meet.jit.si\/ConsultcabpsyD.LACOMBE<\/p>\n","protected":false},"author":1,"featured_media":0,"parent":0,"menu_order":0,"comment_status":"closed","ping_status":"closed","template":"","meta":{"om_disable_all_campaigns":false,"_monsterinsights_skip_tracking":false,"_monsterinsights_sitenote_active":false,"_monsterinsights_sitenote_note":"","_monsterinsights_sitenote_category":0,"footnotes":""},"class_list":["post-29","page","type-page","status-publish","hentry"],"aioseo_notices":[],"_links":{"self":[{"href":"https:\/\/dlacombe.xyz\/index.php\/wp-json\/wp\/v2\/pages\/29","targetHints":{"allow":["GET"]}}],"collection":[{"href":"https:\/\/dlacombe.xyz\/index.php\/wp-json\/wp\/v2\/pages"}],"about":[{"href":"https:\/\/dlacombe.xyz\/index.php\/wp-json\/wp\/v2\/types\/page"}],"author":[{"embeddable":true,"href":"https:\/\/dlacombe.xyz\/index.php\/wp-json\/wp\/v2\/users\/1"}],"replies":[{"embeddable":true,"href":"https:\/\/dlacombe.xyz\/index.php\/wp-json\/wp\/v2\/comments?post=29"}],"version-history":[{"count":3,"href":"https:\/\/dlacombe.xyz\/index.php\/wp-json\/wp\/v2\/pages\/29\/revisions"}],"predecessor-version":[{"id":37,"href":"https:\/\/dlacombe.xyz\/index.php\/wp-json\/wp\/v2\/pages\/29\/revisions\/37"}],"wp:attachment":[{"href":"https:\/\/dlacombe.xyz\/index.php\/wp-json\/wp\/v2\/media?parent=29"}],"curies":[{"name":"wp","href":"https:\/\/api.w.org\/{rel}","templated":true}]}}