{"id":5,"date":"2021-10-13T16:59:00","date_gmt":"2021-10-13T14:59:00","guid":{"rendered":"http:\/\/dlacombe.xyz\/?page_id=5"},"modified":"2025-10-23T14:25:29","modified_gmt":"2025-10-23T12:25:29","slug":"cabinet-de-psychologie-denis-lacombe","status":"publish","type":"page","link":"https:\/\/dlacombe.xyz\/","title":{"rendered":"Quelques mots de pr\u00e9sentation"},"content":{"rendered":"\n<p>Dipl\u00f4m\u00e9 de l&#8217;universit\u00e9 Lumi\u00e8re Lyon 2 depuis 1989,  j&#8217;ai ouvert mon cabinet en 2001.   <\/p>\n\n\n\n<p>Psychoth\u00e9rateute d&#8217;orientation psychanalytique, j&#8217;y re\u00e7ois adultes, adolescents et enfants en th\u00e9rapie individuelle th\u00e9rapies de couples et th\u00e9rapies familiales \u00e9galement dans une approche analytique. <\/p>\n\n\n\n<p>Psychologue clinicien exp\u00e9riment\u00e9 et psychoth\u00e9rapeute analytique, j\u2019anime depuis de nombreuses ann\u00e9es des actions de r\u00e9gulation et d\u2019analyse des pratiques en direction de diff\u00e9rents acteurs des champs social, m\u00e9dico-social et sanitaire. Je suis membre de l\u2019association APSYFA et m\u2019appuie sur une formation de 15 ans dans le domaine de la psychologie groupale et familiale fond\u00e9e sur les apports et les concepts d\u00e9velopp\u00e9s au sein du Coll\u00e8ge de Psychanalyse Groupale et Familiale.&nbsp;<\/p>\n\n\n\n<div style=\"height:100px\" aria-hidden=\"true\" class=\"wp-block-spacer\"><\/div>\n\n\n\n<figure class=\"wp-block-image size-full\"><img loading=\"lazy\" decoding=\"async\" width=\"194\" height=\"260\" src=\"https:\/\/dlacombe.xyz\/wp-content\/uploads\/2021\/10\/freud1.jpeg\" alt=\"\" class=\"wp-image-41\"\/><\/figure>\n\n\n\n<div class=\"wp-block-columns alignwide are-vertically-aligned-center is-style-twentytwentyone-columns-overlap is-layout-flex wp-container-core-columns-is-layout-9d6595d7 wp-block-columns-is-layout-flex\">\n<div class=\"wp-block-column is-vertically-aligned-center is-layout-flow wp-block-column-is-layout-flow\">\n<div style=\"height:100px\" aria-hidden=\"true\" class=\"wp-block-spacer\"><\/div>\n<\/div>\n\n\n\n<div class=\"wp-block-column is-vertically-aligned-center is-layout-flow wp-block-column-is-layout-flow\">\n<div style=\"height:100px\" aria-hidden=\"true\" class=\"wp-block-spacer\"><\/div>\n<\/div>\n<\/div>\n\n\n\n<div style=\"height:50px\" aria-hidden=\"true\" class=\"wp-block-spacer\"><\/div>\n\n\n\n<div class=\"wp-block-columns alignwide are-vertically-aligned-top is-layout-flex wp-container-core-columns-is-layout-9d6595d7 wp-block-columns-is-layout-flex\">\n<div class=\"wp-block-column is-vertically-aligned-top is-layout-flow wp-block-column-is-layout-flow\">\n<h3 class=\"wp-block-heading\">Th\u00e9rapies individuelles<\/h3>\n\n\n\n<p>Quelques mots \u00e0 propos du cadre analytique et des modalit\u00e9s du travail. <\/p>\n<\/div>\n\n\n\n<div class=\"wp-block-column is-vertically-aligned-top is-layout-flow wp-block-column-is-layout-flow\">\n<h3 class=\"wp-block-heading\">Th\u00e9rapies groupales et familiales<\/h3>\n\n\n\n<p>R\u00e9f\u00e9rence \u00e0 l&#8217;approche familiale analytique et aux aspects du fonctionnement familial que le dispositif permet de mettre au travail.<\/p>\n<\/div>\n\n\n\n<div class=\"wp-block-column is-vertically-aligned-top is-layout-flow wp-block-column-is-layout-flow\">\n<h3 class=\"wp-block-heading\">Interventions en institution <\/h3>\n\n\n\n<p>D\u00e9finition des diff\u00e9rentes propositions d&#8217;intervention (GAP, R\u00e9gulation d&#8217;\u00e9quipe,  Formation en appui sur la clinique)<\/p>\n<\/div>\n<\/div>\n\n\n\n<div style=\"height:100px\" aria-hidden=\"true\" class=\"wp-block-spacer\"><\/div>\n\n\n\n<div class=\"wp-block-cover alignwide is-light is-style-twentytwentyone-border\"><span aria-hidden=\"true\" class=\"wp-block-cover__background has-green-background-color has-background-dim-100 has-background-dim\"><\/span><div class=\"wp-block-cover__inner-container is-layout-flow wp-block-cover-is-layout-flow\">\n<div style=\"height:75px\" aria-hidden=\"true\" class=\"wp-block-spacer\"><\/div>\n\n\n\n<div class=\"wp-block-columns is-layout-flex wp-container-core-columns-is-layout-9d6595d7 wp-block-columns-is-layout-flex\">\n<div class=\"wp-block-column is-layout-flow wp-block-column-is-layout-flow\">\n<p><a href=\"https:\/\/wordpress.org\/support\/article\/twenty-twenty-one\/\">Lire la documentation du th\u00e8me<\/a><\/p>\n<\/div>\n\n\n\n<div class=\"wp-block-column is-layout-flow wp-block-column-is-layout-flow\">\n<p><a href=\"https:\/\/wordpress.org\/support\/theme\/twentytwentyone\/\">Consulter les forums de support<\/a><\/p>\n<\/div>\n<\/div>\n\n\n\n<div style=\"height:20px\" aria-hidden=\"true\" class=\"wp-block-spacer\"><\/div>\n<\/div><\/div>\n","protected":false},"excerpt":{"rendered":"<p>Dipl\u00f4m\u00e9 de l&#8217;universit\u00e9 Lumi\u00e8re Lyon 2 depuis 1989, j&#8217;ai ouvert mon cabinet en 2001. Psychoth\u00e9rateute d&#8217;orientation psychanalytique, j&#8217;y re\u00e7ois adultes, adolescents et enfants en th\u00e9rapie individuelle th\u00e9rapies de couples et th\u00e9rapies familiales \u00e9galement dans une approche analytique. Psychologue clinicien exp\u00e9riment\u00e9 et psychoth\u00e9rapeute analytique, j\u2019anime depuis de nombreuses ann\u00e9es des actions de r\u00e9gulation et d\u2019analyse des &hellip; <\/p>\n<p class=\"link-more\"><a href=\"https:\/\/dlacombe.xyz\/\" class=\"more-link\">Continue reading<span class=\"screen-reader-text\"> &#8220;Quelques mots de pr\u00e9sentation&#8221;<\/span><\/a><\/p>\n","protected":false},"author":1,"featured_media":0,"parent":0,"menu_order":0,"comment_status":"closed","ping_status":"closed","template":"","meta":{"om_disable_all_campaigns":false,"_monsterinsights_skip_tracking":false,"_monsterinsights_sitenote_active":false,"_monsterinsights_sitenote_note":"","_monsterinsights_sitenote_category":0,"footnotes":""},"class_list":["post-5","page","type-page","status-publish","hentry"],"aioseo_notices":[],"_links":{"self":[{"href":"https:\/\/dlacombe.xyz\/index.php\/wp-json\/wp\/v2\/pages\/5","targetHints":{"allow":["GET"]}}],"collection":[{"href":"https:\/\/dlacombe.xyz\/index.php\/wp-json\/wp\/v2\/pages"}],"about":[{"href":"https:\/\/dlacombe.xyz\/index.php\/wp-json\/wp\/v2\/types\/page"}],"author":[{"embeddable":true,"href":"https:\/\/dlacombe.xyz\/index.php\/wp-json\/wp\/v2\/users\/1"}],"replies":[{"embeddable":true,"href":"https:\/\/dlacombe.xyz\/index.php\/wp-json\/wp\/v2\/comments?post=5"}],"version-history":[{"count":9,"href":"https:\/\/dlacombe.xyz\/index.php\/wp-json\/wp\/v2\/pages\/5\/revisions"}],"predecessor-version":[{"id":1120,"href":"https:\/\/dlacombe.xyz\/index.php\/wp-json\/wp\/v2\/pages\/5\/revisions\/1120"}],"wp:attachment":[{"href":"https:\/\/dlacombe.xyz\/index.php\/wp-json\/wp\/v2\/media?parent=5"}],"curies":[{"name":"wp","href":"https:\/\/api.w.org\/{rel}","templated":true}]}}